{"id":1315,"date":"2025-07-25T10:48:53","date_gmt":"2025-07-25T08:48:53","guid":{"rendered":"http:\/\/laiavilanova.org\/aviso-legal\/"},"modified":"2025-09-01T12:54:34","modified_gmt":"2025-09-01T10:54:34","slug":"aviso-legal","status":"publish","type":"page","link":"https:\/\/laiavilanova.org\/es\/aviso-legal\/","title":{"rendered":"Aviso legal"},"content":{"rendered":"<p>[et_pb_section fb_built=\u00bb1&#8243; admin_label=\u00bbAbout\u00bb _builder_version=\u00bb4.27.4&#8243; _module_preset=\u00bbdefault\u00bb background_color=\u00bb#FEF9F0&#8243; custom_padding=\u00bb||||false|false\u00bb collapsed=\u00bbon\u00bb global_colors_info=\u00bb{}\u00bb][et_pb_row _builder_version=\u00bb4.27.4&#8243; _module_preset=\u00bbdefault\u00bb max_width=\u00bb1800px\u00bb global_colors_info=\u00bb{}\u00bb][et_pb_column type=\u00bb4_4&#8243; _builder_version=\u00bb4.27.4&#8243; _module_preset=\u00bbdefault\u00bb global_colors_info=\u00bb{}\u00bb][et_pb_text _builder_version=\u00bb4.27.4&#8243; _dynamic_attributes=\u00bbcontent\u00bb _module_preset=\u00bbdefault\u00bb header_font=\u00bb|700|||||||\u00bb header_font_size=\u00bb52px\u00bb custom_margin=\u00bb||24px|||\u00bb header_font_size_tablet=\u00bb48px\u00bb header_font_size_phone=\u00bb38px\u00bb header_font_size_last_edited=\u00bbon|tablet\u00bb global_colors_info=\u00bb{}\u00bb]@ET-DC@eyJkeW5hbWljIjp0cnVlLCJjb250ZW50IjoicG9zdF90aXRsZSIsInNldHRpbmdzIjp7ImJlZm9yZSI6IjxoMT4iLCJhZnRlciI6IjxcL2gxPiJ9fQ==@[\/et_pb_text][et_pb_text _builder_version=\u00bb4.27.4&#8243; _module_preset=\u00bb_initial\u00bb text_font=\u00bb||||||||\u00bb text_line_height=\u00bb1.8em\u00bb link_font=\u00bb||||on||||\u00bb hover_enabled=\u00bb0&#8243; text_font_size_tablet=\u00bb15px\u00bb text_font_size_phone=\u00bb14px\u00bb text_font_size_last_edited=\u00bbon|desktop\u00bb global_colors_info=\u00bb{}\u00bb sticky_enabled=\u00bb0&#8243;]<span>El presente aviso legal (en adelante, el \u00abAviso Legal\u00bb) regula el uso del servicio del portal de internet https:\/\/www.laiavilanova.org (en adelante, la \u00abweb\u00bb) de Laia Vilanova i \u00c1ngeles, con domicilio en Vila-real y direcci\u00f3n de correo electr\u00f3nico <a href=\"mailto:info@laiavilanova.org\">info@laiavilanova.org<\/a>.<\/span><\/p>\n<p><strong><span>Legislaci\u00f3n<\/span><\/strong><\/p>\n<p><span>Con car\u00e1cter general, las relaciones entre Laia Vilanova i \u00c1ngeles con los usuarios de sus servicios telem\u00e1ticos, presentes en la web, se encuentran sometidas a la legislaci\u00f3n y jurisdicci\u00f3n espa\u00f1olas.<\/span><\/p>\n<p><span>Las partes renuncian expresamente al fuero que les pudiera corresponder y someten expresamente a los Juzgados y Tribunales de Castell\u00f3n para resolver cualquier controversia que pueda surgir en la interpretaci\u00f3n o ejecuci\u00f3n de las presentes condiciones contractuales.<\/span><\/p>\n<p><strong><span>Contenido y uso<\/span><\/strong><\/p>\n<p><span>El usuario queda informado y acepta que el acceso a la presente web no supone, en modo alguno, el inicio de una relaci\u00f3n comercial con Laia Vilanova i \u00c1ngeles.<\/span><\/p>\n<p><span>El titular de la web no se identifica con las opiniones vertidas en la mismo por sus colaboradores. La empresa se reserva el derecho de efectuar sin previo aviso las modificaciones que considere oportunas en su web, pudiendo cambiar, suprimir o a\u00f1adir tanto los contenidos y servicios que se presten a trav\u00e9s de la misma, como la forma en la que estos aparezcan presentados o localizados en sus servidores. <\/span><\/p>\n<p><strong><span>Propiedad intelectual e industrial<\/span><\/strong><\/p>\n<p><span>Los derechos de propiedad intelectual del contenido de las p\u00e1ginas web, su dise\u00f1o gr\u00e1fico y c\u00f3digos son titularidad de Laia Vilanova i \u00c1ngeles y, por tanto, queda prohibida su reproducci\u00f3n, distribuci\u00f3n, comunicaci\u00f3n p\u00fablica, transformaci\u00f3n o cualquier otra actividad que se pueda realizar con los contenidos de sus p\u00e1ginas web ni aun citando las fuentes, salvo consentimiento por escrito de Laia Vilanova i \u00c1ngeles. Todos los nombres comerciales, marcas o signos distintos de cualquier clase contenidos en las p\u00e1ginas web de la empresa son propiedad de sus due\u00f1os y est\u00e1n protegidos por ley. <\/span><\/p>\n<p><strong><span>Enlaces<\/span><\/strong><\/p>\n<p><span>La presencia de enlaces (links) en las p\u00e1ginas web de Laia Vilanova i \u00c1ngeles tiene finalidad meramente informativa y en ning\u00fan caso supone sugerencia, invitaci\u00f3n o recomendaci\u00f3n sobre los mismos.<\/span>[\/et_pb_text][\/et_pb_column][\/et_pb_row][\/et_pb_section]<\/p>\n","protected":false},"excerpt":{"rendered":"<p>El presente aviso legal (en adelante, el \u00abAviso Legal\u00bb) regula el uso del servicio del portal de internet https:\/\/www.laiavilanova.org (en adelante, la \u00abweb\u00bb) de Laia Vilanova i \u00c1ngeles, con domicilio en Vila-real y direcci\u00f3n de correo electr\u00f3nico info@laiavilanova.org. Legislaci\u00f3n Con car\u00e1cter general, las relaciones entre Laia Vilanova i \u00c1ngeles con los usuarios de sus servicios [&hellip;]<\/p>\n","protected":false},"author":1,"featured_media":0,"parent":0,"menu_order":0,"comment_status":"closed","ping_status":"closed","template":"","meta":{"_acf_changed":false,"_et_pb_use_builder":"on","_et_pb_old_content":"","_et_gb_content_width":"","footnotes":""},"class_list":["post-1315","page","type-page","status-publish","hentry"],"acf":[],"_links":{"self":[{"href":"https:\/\/laiavilanova.org\/es\/wp-json\/wp\/v2\/pages\/1315","targetHints":{"allow":["GET"]}}],"collection":[{"href":"https:\/\/laiavilanova.org\/es\/wp-json\/wp\/v2\/pages"}],"about":[{"href":"https:\/\/laiavilanova.org\/es\/wp-json\/wp\/v2\/types\/page"}],"author":[{"embeddable":true,"href":"https:\/\/laiavilanova.org\/es\/wp-json\/wp\/v2\/users\/1"}],"replies":[{"embeddable":true,"href":"https:\/\/laiavilanova.org\/es\/wp-json\/wp\/v2\/comments?post=1315"}],"version-history":[{"count":8,"href":"https:\/\/laiavilanova.org\/es\/wp-json\/wp\/v2\/pages\/1315\/revisions"}],"predecessor-version":[{"id":1423,"href":"https:\/\/laiavilanova.org\/es\/wp-json\/wp\/v2\/pages\/1315\/revisions\/1423"}],"wp:attachment":[{"href":"https:\/\/laiavilanova.org\/es\/wp-json\/wp\/v2\/media?parent=1315"}],"curies":[{"name":"wp","href":"https:\/\/api.w.org\/{rel}","templated":true}]}}