{"id":1318,"date":"2025-07-25T10:55:36","date_gmt":"2025-07-25T08:55:36","guid":{"rendered":"http:\/\/laiavilanova.org\/politica-de-privacidad\/"},"modified":"2025-09-01T12:55:05","modified_gmt":"2025-09-01T10:55:05","slug":"politica-de-privacidad","status":"publish","type":"page","link":"https:\/\/laiavilanova.org\/es\/politica-de-privacidad\/","title":{"rendered":"Pol\u00edtica de privacidad"},"content":{"rendered":"<p>[et_pb_section fb_built=\u00bb1&#8243; admin_label=\u00bbAbout\u00bb _builder_version=\u00bb4.27.4&#8243; _module_preset=\u00bbdefault\u00bb background_color=\u00bb#FEF9F0&#8243; custom_padding=\u00bb||||false|false\u00bb collapsed=\u00bbon\u00bb global_colors_info=\u00bb{}\u00bb][et_pb_row _builder_version=\u00bb4.27.4&#8243; _module_preset=\u00bbdefault\u00bb max_width=\u00bb1800px\u00bb global_colors_info=\u00bb{}\u00bb][et_pb_column type=\u00bb4_4&#8243; _builder_version=\u00bb4.27.4&#8243; _module_preset=\u00bbdefault\u00bb global_colors_info=\u00bb{}\u00bb][et_pb_text _builder_version=\u00bb4.27.4&#8243; _dynamic_attributes=\u00bbcontent\u00bb _module_preset=\u00bbdefault\u00bb header_font=\u00bb|700|||||||\u00bb header_font_size=\u00bb52px\u00bb custom_margin=\u00bb||24px|||\u00bb header_font_size_tablet=\u00bb48px\u00bb header_font_size_phone=\u00bb38px\u00bb header_font_size_last_edited=\u00bbon|tablet\u00bb global_colors_info=\u00bb{}\u00bb]@ET-DC@eyJkeW5hbWljIjp0cnVlLCJjb250ZW50IjoicG9zdF90aXRsZSIsInNldHRpbmdzIjp7ImJlZm9yZSI6IjxoMT4iLCJhZnRlciI6IjxcL2gxPiJ9fQ==@[\/et_pb_text][et_pb_text _builder_version=\u00bb4.27.4&#8243; _module_preset=\u00bb_initial\u00bb text_font=\u00bb||||||||\u00bb text_line_height=\u00bb1.8em\u00bb link_font=\u00bb||||on||||\u00bb text_font_size_tablet=\u00bb15px\u00bb text_font_size_phone=\u00bb14px\u00bb text_font_size_last_edited=\u00bbon|desktop\u00bb global_colors_info=\u00bb{}\u00bb]<\/p>\n<p><strong><span>Confidencialidad y protecci\u00f3n de datos<\/span><\/strong><\/p>\n<p><span>A efectos de lo previsto en RGPD, de 27 de abril de 2016, Laia Vilanova i \u00c1ngeles informa al usuario de la existencia de un tratamiento automatizado de datos de car\u00e1cter personal creado por y para Laia Vilanova i \u00c1ngeles y bajo su responsabilidad, con la finalidad de realizar el mantenimiento y la gesti\u00f3n de la relaci\u00f3n con el usuario, as\u00ed como las labores de informaci\u00f3n. En el momento de la aceptaci\u00f3n de las presentes condiciones generales, Laia Vilanova i \u00c1ngeles precisar\u00e1 del usuario la recogida de unos datos imprescindibles para la prestaci\u00f3n de sus servicios. <\/span><\/p>\n<p><strong><span>Registro de ficheros y formularios<\/span><\/strong><\/p>\n<p><span>La cumplimentaci\u00f3n del formulario de registro es obligatoria para acceder y disfrutar de determinados servicios ofrecidos en la web. El no facilitar los datos personales solicitados o el no aceptar la presente Pol\u00edtica de protecci\u00f3n de datos supone la imposibilidad de suscribirse, registrarse o participar en cualquiera de las promociones en las que se soliciten datos car\u00e1cter personal. <\/span><\/p>\n<p><span>A efectos de lo previsto en RGPD, de 27 de abril de 2016, le informamos de que los datos personales que se obtengan como consecuencia de su registro como usuario ser\u00e1n incorporados a un fichero titularidad de Laia Vilanova i \u00c1ngeles, teniendo implementadas las medidas de seguridad establecidas en el Real Decreto 1720\/2007, de 11 de junio.<\/span><\/p>\n<p><strong><span>Exactitud y veracidad de los datos facilitados<\/span><\/strong><\/p>\n<p><span>El usuario es el \u00fanico responsable de la veracidad y correcci\u00f3n de los datos incluidos, exoner\u00e1ndose Laia Vilanova i \u00c1ngeles de cualquier responsabilidad al respecto. Los usuarios garantizan y responden, en cualquier caso, de la exactitud, vigencia y autenticidad de los datos personales facilitados, y se comprometen a mantenerlos debidamente actualizados. El usuario acepta proporcionar informaci\u00f3n completa y correcta en el formulario de registro o suscripci\u00f3n. Laia Vilanova i \u00c1ngeles no responde de la veracidad de las informaciones que no sean de elaboraci\u00f3n propia y de las que se indique otra fuente, por lo que tampoco asume responsabilidad alguna en cuanto a hipot\u00e9ticos perjuicios que pudieran originarse por el uso de dicha informaci\u00f3n. Laia Vilanova i \u00c1ngeles se reserva el derecho a actualizar, modificar o eliminar la informaci\u00f3n contenida en sus p\u00e1ginas web pudiendo incluso limitar o no permitir el acceso a dicha informaci\u00f3n. Se exonera a Laia Vilanova i \u00c1ngeles de responsabilidad ante cualquier da\u00f1o o perjuicio que pudiera sufrir el usuario como consecuencia de errores, defectos u omisiones, en la informaci\u00f3n facilitada por Laia Vilanova i \u00c1ngeles siempre que proceda de fuentes ajenas a Laia Vilanova i \u00c1ngeles.     <\/span><\/p>\n<p><strong><span>Cookies<\/span><\/strong><\/p>\n<p><span>El sitio www.laiavilanova.org utiliza <em>cookies<\/em>, considerando tales ficheros f\u00edsicos de informaci\u00f3n alojados en el propio terminal del usuario y sirven para facilitar la navegaci\u00f3n del usuario por el portal. De todas formas, el usuario tiene la posibilidad de configurar el navegador de tal modo que impida la instalaci\u00f3n de estos archivos. <\/span><\/p>\n<p><strong><span>Finalidades<\/span><\/strong><\/p>\n<p><span>Las finalidades de Laia Vilanova i \u00c1ngeles son el mantenimiento y la gesti\u00f3n de la relaci\u00f3n con el usuario, as\u00ed como las labores de informaci\u00f3n.<\/span><\/p>\n<p><strong><span>Menores de edad<\/span><\/strong><\/p>\n<p><span>En el supuesto de que algunos de nuestros servicios vayan dirigidos espec\u00edficamente a menores de edad, Laia Vilanova i \u00c1ngeles solicitar\u00e1 la conformidad de los padres o tutores para la recogida de los datos personales o, en su caso, para el tratamiento automatizado de los datos.<\/span><\/p>\n<p><strong><span>Cesi\u00f3n de datos a terceros<\/span><\/strong><\/p>\n<p><span>Laia Vilanova i \u00c1ngeles no realizar\u00e1 cesi\u00f3n de datos de los usuarios a terceros.<\/span><\/p>\n<p><strong><span>Exercici de drets d\u2019acc\u00e9s, rectificaci\u00f3, cancel\u00b7laci\u00f3 i oposici\u00f3<\/span><\/strong><\/p>\n<p><span>Podr\u00e1 dirigir sus comunicaciones y ejercitar los derechos de acceso, rectificaci\u00f3n, supresi\u00f3n, limitaci\u00f3n, portabilidad y oposici\u00f3n en la direcci\u00f3n de correo electr\u00f3nico info@laiavilanova.com. Para ejercer dichos derechos es necesario que usted acredite su personalidad frente a Laia Vilanova i \u00c1ngeles mediante el env\u00edo de fotocopia del documento nacional de identidad o cualquier otro medio v\u00e1lido en derecho. No obstante, la modificaci\u00f3n o rectificaci\u00f3n de sus datos de registro se podr\u00e1 realizar en el propio sitio web identific\u00e1ndose, previamente, con su usuario y contrase\u00f1a.  <\/span><\/p>\n<p><strong><span>Medidas de seguridad<\/span><\/strong><\/p>\n<p><span>Laia Vilanova i \u00c1ngeles ha adoptado los niveles de seguridad de protecci\u00f3n de los datos personales legalmente requeridos, y procura instalar aquellos otros medios y medidas t\u00e9cnicas adicionales a su alcance para evitar la p\u00e9rdida, mal uso, alteraci\u00f3n, acceso no autorizado y robo de los datos personales facilitados a Laia Vilanova i \u00c1ngeles. Laia Vilanova i \u00c1ngeles no ser\u00e1 responsable de posibles da\u00f1os o perjuicios que se pudieran derivar de interferencias, omisiones, interrupciones, virus inform\u00e1ticos, aver\u00edas telef\u00f3nicas o desconexiones en el funcionamiento operativo de este sistema electr\u00f3nico, motivadas por causas ajenas a Laia Vilanova i \u00c1ngeles; de retrasos o bloqueos en el uso del presente sistema electr\u00f3nico causados por deficiencias o sobrecargas de l\u00edneas telef\u00f3nicas o sobrecargas en el Centro de Procesos de Datos, en el sistema de internet o en otros sistemas electr\u00f3nicos, as\u00ed como de da\u00f1os que puedan ser causados por terceras personas mediante intromisiones ileg\u00edtimas fuera del control de Laia Vilanova i \u00c1ngeles. No obstante, el usuario debe ser consciente de que las medidas de seguridad en internet no son inexpugnables.  <\/span><\/p>\n<p><strong><span>Aceptaci\u00f3n y consentimiento<\/span><\/strong><\/p>\n<p><span>El usuario declara haber sido informado de las condiciones sobre protecci\u00f3n de datos personales, aceptando y consintiendo el tratamiento automatizado de los mismos por parte de Laia Vilanova i \u00c1ngeles, en la forma y para las finalidades indicadas en la presente Pol\u00edtica de protecci\u00f3n de datos personales. Ciertos servicios prestados en el portal pueden contener condiciones particulares con previsiones espec\u00edficas en materia de protecci\u00f3n de datos personales. <\/span><\/p>\n<p><span> <\/span><\/p>\n<p>[\/et_pb_text][\/et_pb_column][\/et_pb_row][\/et_pb_section]<\/p>\n","protected":false},"excerpt":{"rendered":"<p>Confidencialidad y protecci\u00f3n de datos A efectos de lo previsto en RGPD, de 27 de abril de 2016, Laia Vilanova i \u00c1ngeles informa al usuario de la existencia de un tratamiento automatizado de datos de car\u00e1cter personal creado por y para Laia Vilanova i \u00c1ngeles y bajo su responsabilidad, con la finalidad de realizar el [&hellip;]<\/p>\n","protected":false},"author":1,"featured_media":0,"parent":0,"menu_order":0,"comment_status":"closed","ping_status":"closed","template":"","meta":{"_acf_changed":false,"_et_pb_use_builder":"on","_et_pb_old_content":"","_et_gb_content_width":"","footnotes":""},"class_list":["post-1318","page","type-page","status-publish","hentry"],"acf":[],"_links":{"self":[{"href":"https:\/\/laiavilanova.org\/es\/wp-json\/wp\/v2\/pages\/1318","targetHints":{"allow":["GET"]}}],"collection":[{"href":"https:\/\/laiavilanova.org\/es\/wp-json\/wp\/v2\/pages"}],"about":[{"href":"https:\/\/laiavilanova.org\/es\/wp-json\/wp\/v2\/types\/page"}],"author":[{"embeddable":true,"href":"https:\/\/laiavilanova.org\/es\/wp-json\/wp\/v2\/users\/1"}],"replies":[{"embeddable":true,"href":"https:\/\/laiavilanova.org\/es\/wp-json\/wp\/v2\/comments?post=1318"}],"version-history":[{"count":8,"href":"https:\/\/laiavilanova.org\/es\/wp-json\/wp\/v2\/pages\/1318\/revisions"}],"predecessor-version":[{"id":1427,"href":"https:\/\/laiavilanova.org\/es\/wp-json\/wp\/v2\/pages\/1318\/revisions\/1427"}],"wp:attachment":[{"href":"https:\/\/laiavilanova.org\/es\/wp-json\/wp\/v2\/media?parent=1318"}],"curies":[{"name":"wp","href":"https:\/\/api.w.org\/{rel}","templated":true}]}}